{"id":359,"date":"2022-12-04T14:31:42","date_gmt":"2022-12-04T14:31:42","guid":{"rendered":"https:\/\/profighters-academy.com\/?page_id=359"},"modified":"2025-01-05T09:53:46","modified_gmt":"2025-01-05T09:53:46","slug":"cours-collectifs","status":"publish","type":"page","link":"https:\/\/profighters-academy.com\/?page_id=359","title":{"rendered":"COURS COLLECTIFS"},"content":{"rendered":"\t\t<div data-elementor-type=\"wp-page\" data-elementor-id=\"359\" class=\"elementor elementor-359\">\n\t\t\t\t\t\t<section class=\"elementor-section elementor-top-section elementor-element elementor-element-829fd52 elementor-section-full_width elementor-section-height-default elementor-section-height-default wpr-particle-no wpr-jarallax-no wpr-parallax-no wpr-sticky-section-no\" data-id=\"829fd52\" data-element_type=\"section\">\n\t\t\t\t\t\t<div class=\"elementor-container elementor-column-gap-default\">\n\t\t\t\t\t<div class=\"elementor-column elementor-col-100 elementor-top-column elementor-element elementor-element-4024cc8\" data-id=\"4024cc8\" data-element_type=\"column\">\n\t\t\t<div class=\"elementor-widget-wrap elementor-element-populated\">\n\t\t\t\t\t\t<div class=\"elementor-element elementor-element-e6bf8c4 elementor-widget elementor-widget-video\" data-id=\"e6bf8c4\" data-element_type=\"widget\" data-settings=\"{&quot;video_type&quot;:&quot;hosted&quot;,&quot;autoplay&quot;:&quot;yes&quot;,&quot;play_on_mobile&quot;:&quot;yes&quot;,&quot;mute&quot;:&quot;yes&quot;,&quot;loop&quot;:&quot;yes&quot;}\" data-widget_type=\"video.default\">\n\t\t\t\t<div class=\"elementor-widget-container\">\n\t\t\t\t\t\t\t<div class=\"e-hosted-video elementor-wrapper elementor-open-inline\">\n\t\t\t\t\t<video class=\"elementor-video\" src=\"https:\/\/profighters-academy.com\/wp-content\/uploads\/2022\/12\/Untitled-1.mp4\" autoplay=\"\" loop=\"\" muted=\"muted\" playsinline=\"\" controlsList=\"nodownload\"><\/video>\n\t\t\t\t<\/div>\n\t\t\t\t\t\t<\/div>\n\t\t\t\t<\/div>\n\t\t\t\t<div class=\"elementor-element elementor-element-c2bf4cc elementor-absolute elementor-widget elementor-widget-heading\" data-id=\"c2bf4cc\" data-element_type=\"widget\" data-settings=\"{&quot;_position&quot;:&quot;absolute&quot;}\" data-widget_type=\"heading.default\">\n\t\t\t\t<div class=\"elementor-widget-container\">\n\t\t\t\t\t<span class=\"elementor-heading-title elementor-size-xxl\">Cours<\/BR> collectifs<\/span>\t\t\t\t<\/div>\n\t\t\t\t<\/div>\n\t\t\t\t\t<\/div>\n\t\t<\/div>\n\t\t\t\t\t<\/div>\n\t\t<\/section>\n\t\t\t\t<section class=\"elementor-section elementor-top-section elementor-element elementor-element-8e0fb8f elementor-section-boxed elementor-section-height-default elementor-section-height-default wpr-particle-no wpr-jarallax-no wpr-parallax-no wpr-sticky-section-no\" data-id=\"8e0fb8f\" data-element_type=\"section\" data-settings=\"{&quot;background_background&quot;:&quot;classic&quot;}\">\n\t\t\t\t\t\t<div class=\"elementor-container elementor-column-gap-default\">\n\t\t\t\t\t<div class=\"elementor-column elementor-col-100 elementor-top-column elementor-element elementor-element-6251a66\" data-id=\"6251a66\" data-element_type=\"column\">\n\t\t\t<div class=\"elementor-widget-wrap elementor-element-populated\">\n\t\t\t\t\t\t<div class=\"elementor-element elementor-element-2460ef1 elementor-widget elementor-widget-heading\" data-id=\"2460ef1\" data-element_type=\"widget\" data-widget_type=\"heading.default\">\n\t\t\t\t<div class=\"elementor-widget-container\">\n\t\t\t\t\t<h3 class=\"elementor-heading-title elementor-size-large\">Profitghters Academy propose des cours collectifs pour tous les \u00e2ges, aussi bien  pour les hommes que pour les femmes.  Leurs programmes sont con\u00e7us pour les personnes de tous niveaux de condition physique afin de les aider \u00e0 atteindre leurs objectifs et am\u00e9liorer leurs comp\u00e9tences. Reste plus qu'\u00e0 toi de choisir entre la boxe ou le crossfit.<\/h3>\t\t\t\t<\/div>\n\t\t\t\t<\/div>\n\t\t\t\t\t<\/div>\n\t\t<\/div>\n\t\t\t\t\t<\/div>\n\t\t<\/section>\n\t\t\t\t<section class=\"elementor-section elementor-top-section elementor-element elementor-element-4d41eeb elementor-section-content-middle elementor-section-boxed elementor-section-height-default elementor-section-height-default wpr-particle-no wpr-jarallax-no wpr-parallax-no wpr-sticky-section-no\" data-id=\"4d41eeb\" data-element_type=\"section\" data-settings=\"{&quot;background_background&quot;:&quot;classic&quot;}\">\n\t\t\t\t\t\t\t<div class=\"elementor-background-overlay\"><\/div>\n\t\t\t\t\t\t\t<div class=\"elementor-container elementor-column-gap-no\">\n\t\t\t\t\t<div class=\"elementor-column elementor-col-33 elementor-top-column elementor-element elementor-element-bfadd5f\" data-id=\"bfadd5f\" data-element_type=\"column\">\n\t\t\t<div class=\"elementor-widget-wrap elementor-element-populated\">\n\t\t\t\t\t\t<div class=\"elementor-element elementor-element-ceb17a6 elementor-widget elementor-widget-image\" data-id=\"ceb17a6\" data-element_type=\"widget\" data-widget_type=\"image.default\">\n\t\t\t\t<div class=\"elementor-widget-container\">\n\t\t\t\t\t\t\t\t\t\t\t\t\t\t\t<img fetchpriority=\"high\" decoding=\"async\" width=\"565\" height=\"1024\" src=\"https:\/\/profighters-academy.com\/wp-content\/uploads\/2022\/12\/580b585b2edbce24c47b2aef-565x1024.png\" class=\"attachment-large size-large wp-image-436\" alt=\"\" srcset=\"https:\/\/profighters-academy.com\/wp-content\/uploads\/2022\/12\/580b585b2edbce24c47b2aef-565x1024.png 565w, https:\/\/profighters-academy.com\/wp-content\/uploads\/2022\/12\/580b585b2edbce24c47b2aef-166x300.png 166w, https:\/\/profighters-academy.com\/wp-content\/uploads\/2022\/12\/580b585b2edbce24c47b2aef.png 768w\" sizes=\"(max-width: 565px) 100vw, 565px\" \/>\t\t\t\t\t\t\t\t\t\t\t\t\t\t\t<\/div>\n\t\t\t\t<\/div>\n\t\t\t\t\t<\/div>\n\t\t<\/div>\n\t\t\t\t<div class=\"elementor-column elementor-col-66 elementor-top-column elementor-element elementor-element-38c57d7\" data-id=\"38c57d7\" data-element_type=\"column\">\n\t\t\t<div class=\"elementor-widget-wrap elementor-element-populated\">\n\t\t\t\t\t\t<div class=\"elementor-element elementor-element-bcc3210 elementor-widget elementor-widget-heading\" data-id=\"bcc3210\" data-element_type=\"widget\" data-widget_type=\"heading.default\">\n\t\t\t\t<div class=\"elementor-widget-container\">\n\t\t\t\t\t<h2 class=\"elementor-heading-title elementor-size-large\">Boxe Anglaise<\/h2>\t\t\t\t<\/div>\n\t\t\t\t<\/div>\n\t\t\t\t<section class=\"elementor-section elementor-inner-section elementor-element elementor-element-81cd15d elementor-section-boxed elementor-section-height-default elementor-section-height-default wpr-particle-no wpr-jarallax-no wpr-parallax-no wpr-sticky-section-no\" data-id=\"81cd15d\" data-element_type=\"section\">\n\t\t\t\t\t\t<div class=\"elementor-container elementor-column-gap-no\">\n\t\t\t\t\t<div class=\"elementor-column elementor-col-50 elementor-inner-column elementor-element elementor-element-c19759a\" data-id=\"c19759a\" data-element_type=\"column\">\n\t\t\t<div class=\"elementor-widget-wrap elementor-element-populated\">\n\t\t\t\t\t\t<div class=\"elementor-element elementor-element-ca74502 elementor-widget elementor-widget-heading\" data-id=\"ca74502\" data-element_type=\"widget\" data-widget_type=\"heading.default\">\n\t\t\t\t<div class=\"elementor-widget-container\">\n\t\t\t\t\t<h5 class=\"elementor-heading-title elementor-size-default\">Boxe Enfants<\/h5>\t\t\t\t<\/div>\n\t\t\t\t<\/div>\n\t\t\t\t<div class=\"elementor-element elementor-element-1916e87 elementor-widget elementor-widget-toggle\" data-id=\"1916e87\" data-element_type=\"widget\" data-widget_type=\"toggle.default\">\n\t\t\t\t<div class=\"elementor-widget-container\">\n\t\t\t\t\t\t\t<div class=\"elementor-toggle\">\n\t\t\t\t\t\t\t<div class=\"elementor-toggle-item\">\n\t\t\t\t\t<div id=\"elementor-tab-title-2631\" class=\"elementor-tab-title\" data-tab=\"1\" role=\"button\" aria-controls=\"elementor-tab-content-2631\" aria-expanded=\"false\">\n\t\t\t\t\t\t\t\t\t\t\t\t<span class=\"elementor-toggle-icon elementor-toggle-icon-left\" aria-hidden=\"true\">\n\t\t\t\t\t\t\t\t\t\t\t\t\t\t\t<span class=\"elementor-toggle-icon-closed\"><i class=\"fas fa-caret-right\"><\/i><\/span>\n\t\t\t\t\t\t\t\t<span class=\"elementor-toggle-icon-opened\"><i class=\"elementor-toggle-icon-opened fas fa-caret-up\"><\/i><\/span>\n\t\t\t\t\t\t\t\t\t\t\t\t\t<\/span>\n\t\t\t\t\t\t\t\t\t\t\t\t<a class=\"elementor-toggle-title\" tabindex=\"0\">Gar\u00e7ons 5 \u00e0 9 ans<\/a>\n\t\t\t\t\t<\/div>\n\n\t\t\t\t\t<div id=\"elementor-tab-content-2631\" class=\"elementor-tab-content elementor-clearfix\" data-tab=\"1\" role=\"region\" aria-labelledby=\"elementor-tab-title-2631\"><p>Dimanche &amp; Jeudi<\/p><p>17H00 &#8211; 18H00<\/p><p><a style=\"color: #f34e3a; font-weight: bold; font-size: 20px;\" href=\"#form\">S&rsquo;inscrire<\/a><\/p><\/div>\n\t\t\t\t<\/div>\n\t\t\t\t\t\t\t<div class=\"elementor-toggle-item\">\n\t\t\t\t\t<div id=\"elementor-tab-title-2632\" class=\"elementor-tab-title\" data-tab=\"2\" role=\"button\" aria-controls=\"elementor-tab-content-2632\" aria-expanded=\"false\">\n\t\t\t\t\t\t\t\t\t\t\t\t<span class=\"elementor-toggle-icon elementor-toggle-icon-left\" aria-hidden=\"true\">\n\t\t\t\t\t\t\t\t\t\t\t\t\t\t\t<span class=\"elementor-toggle-icon-closed\"><i class=\"fas fa-caret-right\"><\/i><\/span>\n\t\t\t\t\t\t\t\t<span class=\"elementor-toggle-icon-opened\"><i class=\"elementor-toggle-icon-opened fas fa-caret-up\"><\/i><\/span>\n\t\t\t\t\t\t\t\t\t\t\t\t\t<\/span>\n\t\t\t\t\t\t\t\t\t\t\t\t<a class=\"elementor-toggle-title\" tabindex=\"0\">Gar\u00e7ons 10 \u00e0 13 ans<\/a>\n\t\t\t\t\t<\/div>\n\n\t\t\t\t\t<div id=\"elementor-tab-content-2632\" class=\"elementor-tab-content elementor-clearfix\" data-tab=\"2\" role=\"region\" aria-labelledby=\"elementor-tab-title-2632\"><p><strong>Groupe A<\/strong><\/p><p>Dimanche &amp; Jeudi<\/p><p>18H00 &#8211; 19H00<\/p><p><strong>Groupe B<\/strong><\/p><p>Mardi &amp; Jeudi<\/p><p>18H00 &#8211; 19H00<\/p><p><a style=\"color: #f34e3a; font-weight: bold; font-size: 20px;\" href=\"#form\">S&rsquo;inscrire<\/a><\/p><\/div>\n\t\t\t\t<\/div>\n\t\t\t\t\t\t\t<div class=\"elementor-toggle-item\">\n\t\t\t\t\t<div id=\"elementor-tab-title-2633\" class=\"elementor-tab-title\" data-tab=\"3\" role=\"button\" aria-controls=\"elementor-tab-content-2633\" aria-expanded=\"false\">\n\t\t\t\t\t\t\t\t\t\t\t\t<span class=\"elementor-toggle-icon elementor-toggle-icon-left\" aria-hidden=\"true\">\n\t\t\t\t\t\t\t\t\t\t\t\t\t\t\t<span class=\"elementor-toggle-icon-closed\"><i class=\"fas fa-caret-right\"><\/i><\/span>\n\t\t\t\t\t\t\t\t<span class=\"elementor-toggle-icon-opened\"><i class=\"elementor-toggle-icon-opened fas fa-caret-up\"><\/i><\/span>\n\t\t\t\t\t\t\t\t\t\t\t\t\t<\/span>\n\t\t\t\t\t\t\t\t\t\t\t\t<a class=\"elementor-toggle-title\" tabindex=\"0\">Gar\u00e7ons 14 \u00e0 17 ans<\/a>\n\t\t\t\t\t<\/div>\n\n\t\t\t\t\t<div id=\"elementor-tab-content-2633\" class=\"elementor-tab-content elementor-clearfix\" data-tab=\"3\" role=\"region\" aria-labelledby=\"elementor-tab-title-2633\"><p>Dimanche &amp; Mercredi<\/p><p>19H00 &#8211; 20H00<\/p><p><a style=\"color: #f34e3a; font-weight: bold; font-size: 20px;\" href=\"#form\">S&rsquo;inscrire<\/a><\/p><\/div>\n\t\t\t\t<\/div>\n\t\t\t\t\t\t\t\t<\/div>\n\t\t\t\t\t\t<\/div>\n\t\t\t\t<\/div>\n\t\t\t\t\t<\/div>\n\t\t<\/div>\n\t\t\t\t<div class=\"elementor-column elementor-col-50 elementor-inner-column elementor-element elementor-element-501ffd6\" data-id=\"501ffd6\" data-element_type=\"column\">\n\t\t\t<div class=\"elementor-widget-wrap elementor-element-populated\">\n\t\t\t\t\t\t<div class=\"elementor-element elementor-element-da21ef4 elementor-widget elementor-widget-heading\" data-id=\"da21ef4\" data-element_type=\"widget\" data-widget_type=\"heading.default\">\n\t\t\t\t<div class=\"elementor-widget-container\">\n\t\t\t\t\t<h5 class=\"elementor-heading-title elementor-size-default\">Boxe Hommes +18<\/h5>\t\t\t\t<\/div>\n\t\t\t\t<\/div>\n\t\t\t\t<div class=\"elementor-element elementor-element-f8101ae elementor-widget elementor-widget-text-editor\" data-id=\"f8101ae\" data-element_type=\"widget\" data-widget_type=\"text-editor.default\">\n\t\t\t\t<div class=\"elementor-widget-container\">\n\t\t\t\t\t\t\t\t\t<p><span style=\"font-style: inherit; font-weight: inherit; color: var( --e-global-color-astglobalcolor4 ); background-color: var( --e-global-color-astglobalcolor6 );\">Dimanche &amp; Mercredi<\/span><\/p><p>20H00 &#8211; 21H00<\/p><p><a style=\"color: #f34e3a; font-weight: bold; font-size: 20px;\" href=\"#form\" data-wplink-edit=\"true\">S&rsquo;inscrire<\/a><\/p><p><strong>Sparring<\/strong><\/p><p>Vendredi<\/p><p>13H00 &#8211; 15H00<\/p><p><a style=\"color: #f34e3a; font-weight: bold; font-size: 20px;\" href=\"#form\">S&rsquo;inscrire<\/a><\/p>\t\t\t\t\t\t\t\t<\/div>\n\t\t\t\t<\/div>\n\t\t\t\t\t<\/div>\n\t\t<\/div>\n\t\t\t\t\t<\/div>\n\t\t<\/section>\n\t\t\t\t\t<\/div>\n\t\t<\/div>\n\t\t\t\t\t<\/div>\n\t\t<\/section>\n\t\t\t\t<section class=\"elementor-section elementor-top-section elementor-element elementor-element-31b358e elementor-section-boxed elementor-section-height-default elementor-section-height-default wpr-particle-no wpr-jarallax-no wpr-parallax-no wpr-sticky-section-no\" data-id=\"31b358e\" data-element_type=\"section\">\n\t\t\t\t\t\t<div class=\"elementor-container elementor-column-gap-default\">\n\t\t\t\t\t<div class=\"elementor-column elementor-col-100 elementor-top-column elementor-element elementor-element-ddcf774\" data-id=\"ddcf774\" data-element_type=\"column\">\n\t\t\t<div class=\"elementor-widget-wrap elementor-element-populated\">\n\t\t\t\t\t\t<div class=\"elementor-element elementor-element-7728e63 elementor-widget elementor-widget-menu-anchor\" data-id=\"7728e63\" data-element_type=\"widget\" data-widget_type=\"menu-anchor.default\">\n\t\t\t\t<div class=\"elementor-widget-container\">\n\t\t\t\t\t\t\t<div class=\"elementor-menu-anchor\" id=\"form\"><\/div>\n\t\t\t\t\t\t<\/div>\n\t\t\t\t<\/div>\n\t\t\t\t<div class=\"elementor-element elementor-element-c768853 elementor-widget elementor-widget-heading\" data-id=\"c768853\" data-element_type=\"widget\" data-widget_type=\"heading.default\">\n\t\t\t\t<div class=\"elementor-widget-container\">\n\t\t\t\t\t<h2 class=\"elementor-heading-title elementor-size-default\"><div class=\"forminator-ui forminator-custom-form forminator-custom-form-1213 forminator-design--material  forminator_ajax\" data-forminator-render=\"0\" data-form=\"forminator-module-1213\" data-uid=\"69d2cf8955ca4\"><br\/><\/div><form\n\t\t\t\tid=\"forminator-module-1213\"\n\t\t\t\tclass=\"forminator-ui forminator-custom-form forminator-custom-form-1213 forminator-design--material  forminator_ajax\"\n\t\t\t\tmethod=\"post\"\n\t\t\t\tdata-forminator-render=\"0\"\n\t\t\t\tdata-form-id=\"1213\"\n\t\t\t\t\n\t\t\t\tdata-design=\"material\"\n\t\t\t\t\n\t\t\t\t\n\t\t\t\t\n\t\t\t\tdata-grid=\"open\"\n\t\t\t\t\n\t\t\t\t\n\t\t\t\tstyle=\"display: none;\"\n\t\t\t\t\n\t\t\t\tdata-uid=\"69d2cf8955ca4\"\n\t\t\t><div role=\"alert\" aria-live=\"polite\" class=\"forminator-response-message forminator-error\" aria-hidden=\"true\"><\/div><div class=\"forminator-row\"><div id=\"text-1\" class=\"forminator-field-text forminator-col forminator-col-12 \"><div class=\"forminator-field\"><label for=\"forminator-field-text-1_69d2cf8955ca4\" id=\"forminator-field-text-1_69d2cf8955ca4-label\" class=\"forminator-label\">Nom \/ Pr\u00e9nom <span class=\"forminator-required\">*<\/span><\/label><input type=\"text\" name=\"text-1\" value=\"\" placeholder=\"Nom entier\" id=\"forminator-field-text-1_69d2cf8955ca4\" class=\"forminator-input forminator-name--field\" data-required=\"true\" \/><\/div><\/div><\/div><div class=\"forminator-row\"><div id=\"email-1\" class=\"forminator-field-email forminator-col forminator-col-12 \"><div class=\"forminator-field\"><label for=\"forminator-field-email-1_69d2cf8955ca4\" id=\"forminator-field-email-1_69d2cf8955ca4-label\" class=\"forminator-label\">E-mail <span class=\"forminator-required\">*<\/span><\/label><input type=\"email\" name=\"email-1\" value=\"\" placeholder=\"Par exemple\u00a0: jacques@martin.com\" id=\"forminator-field-email-1_69d2cf8955ca4\" class=\"forminator-input forminator-email--field\" data-required=\"true\" aria-required=\"true\" \/><\/div><\/div><\/div><div class=\"forminator-row\"><div id=\"phone-1\" class=\"forminator-field-phone forminator-col forminator-col-12 \"><div class=\"forminator-field\"><label for=\"forminator-field-phone-1_69d2cf8955ca4\" id=\"forminator-field-phone-1_69d2cf8955ca4-label\" class=\"forminator-label\">T\u00e9l\u00e9phone <span class=\"forminator-required\">*<\/span><\/label><input type=\"text\" name=\"phone-1\" value=\"\" placeholder=\"Par exemple\u00a0: +1 02 03 05 06\" id=\"forminator-field-phone-1_69d2cf8955ca4\" class=\"forminator-input forminator-field--phone\" data-required=\"1\" aria-required=\"true\" autocomplete=\"off\" \/><\/div><\/div><\/div><div class=\"forminator-row\"><div id=\"select-1\" class=\"forminator-field-select forminator-col forminator-col-12 \"><div class=\"forminator-field\"><label for=\"forminator-form-1213__field--select-1_69d2cf8955ca4\" id=\"forminator-form-1213__field--select-1_69d2cf8955ca4-label\" class=\"forminator-label\">Liste s\u00e9lective<\/label><select  id=\"forminator-form-1213__field--select-1_69d2cf8955ca4\" class=\"forminator-select--field forminator-select2 forminator-select2-multiple\" data-required=\"\" name=\"select-1\" data-default-value=\"\" data-placeholder=\"Je suis\" data-search=\"false\" data-search-placeholder=\"Je suis\" data-checkbox=\"false\" data-allow-clear=\"false\" aria-labelledby=\"forminator-form-1213__field--select-1_69d2cf8955ca4-label\"><option value=\"\"  >Je suis<\/option><option value=\"one\"  data-calculation=\"0\">Homme<\/option><option value=\"two\"  data-calculation=\"0\">Femme<\/option><option value=\"Enfant\"  data-calculation=\"0\">Enfant<\/option><\/select><\/div><\/div><\/div><div class=\"forminator-row\"><div id=\"select-2\" class=\"forminator-field-select forminator-col forminator-col-12 \"><div class=\"forminator-field\"><label for=\"forminator-form-1213__field--select-2_69d2cf8955ca4\" id=\"forminator-form-1213__field--select-2_69d2cf8955ca4-label\" class=\"forminator-label\">Liste s\u00e9lective<\/label><select  id=\"forminator-form-1213__field--select-2_69d2cf8955ca4\" class=\"forminator-select--field forminator-select2 forminator-select2-multiple\" data-required=\"\" name=\"select-2\" data-default-value=\"\" data-placeholder=\"Type\" data-search=\"false\" data-search-placeholder=\"Type\" data-checkbox=\"false\" data-allow-clear=\"false\" aria-labelledby=\"forminator-form-1213__field--select-2_69d2cf8955ca4-label\"><option value=\"\"  >Type<\/option><option value=\"one\"  data-calculation=\"0\">Boxe Gar\u00e7ons 5 \u00e0 9 ans (Groupe A)<\/option><option value=\"two\"  data-calculation=\"0\">Boxe Gar\u00e7ons 5 \u00e0 9 ans (Groupe B)<\/option><option value=\"Enfant\"  data-calculation=\"0\">Boxe Gar\u00e7ons 10 \u00e0 13 ans (Groupe A)<\/option><option value=\"Boxe-Gar\u00e7ons-10-\u00e0-13-ans-(Groupe-B)\"  data-calculation=\"0\">Boxe Gar\u00e7ons 10 \u00e0 13 ans (Groupe B)<\/option><option value=\"Boxe-Gar\u00e7ons-14-\u00e0-17-ans\"  data-calculation=\"0\">Boxe Gar\u00e7ons 14 \u00e0 17 ans<\/option><option value=\"Boxe-Filles--18ans\"  data-calculation=\"0\">Boxe Filles -18ans<\/option><option value=\"CROSSFIT-+-BOXE-FEMMES-+18-ans\"  data-calculation=\"0\">CROSSFIT + BOXE FEMMES +18 ans<\/option><option value=\"Boxe-Hommes-+18-ans-(Niveau-D\u00e9butant)\"  data-calculation=\"0\">Boxe Hommes +18 ans (Niveau D\u00e9butant)<\/option><option value=\"Boxe-Hommes-+18-ans-(Niveau-Avanc\u00e9)\"  data-calculation=\"0\">Boxe Hommes +18 ans (Niveau Avanc\u00e9)<\/option><option value=\"CROSSFIT-HOMMES\"  data-calculation=\"0\">CROSSFIT HOMMES +18 ans<\/option><\/select><\/div><\/div><\/div><input type=\"hidden\" name=\"referer_url\" value=\"\" \/><div class=\"forminator-row forminator-row-last\"><div class=\"forminator-col\"><div class=\"forminator-field\"><button class=\"forminator-button forminator-button-submit\"><span>S&rsquo;inscrire<\/span><span aria-hidden=\"true\"><\/span><\/button><\/div><\/div><\/div><input type=\"hidden\" id=\"forminator_nonce\" name=\"forminator_nonce\" value=\"e5cfecf794\" \/><input type=\"hidden\" name=\"_wp_http_referer\" value=\"\/index.php?rest_route=%2Fwp%2Fv2%2Fpages%2F359\" \/><input type=\"hidden\" name=\"form_id\" value=\"1213\"><input type=\"hidden\" name=\"page_id\" value=\"359\"><input type=\"hidden\" name=\"form_type\" value=\"registration\"><input type=\"hidden\" name=\"current_url\" value=\"https:\/\/profighters-academy.com\/?page_id=359\"><input type=\"hidden\" name=\"render_id\" value=\"0\"><input type=\"hidden\" name=\"action\" value=\"forminator_submit_form_custom-forms\"><\/form><\/h2>\t\t\t\t<\/div>\n\t\t\t\t<\/div>\n\t\t\t\t\t<\/div>\n\t\t<\/div>\n\t\t\t\t\t<\/div>\n\t\t<\/section>\n\t\t\t\t<\/div>\n\t\t","protected":false},"excerpt":{"rendered":"<p>https:\/\/profighters-academy.com\/wp-content\/uploads\/2022\/12\/Untitled-1.mp4 Cours collectifs Profitghters Academy propose des cours collectifs pour tous les \u00e2ges, aussi bien pour les hommes que pour les femmes. Leurs programmes sont con\u00e7us pour les personnes de tous niveaux de condition physique afin de les aider \u00e0 atteindre leurs objectifs et am\u00e9liorer leurs comp\u00e9tences. Reste plus qu&rsquo;\u00e0 toi de choisir entre la boxe ou le crossfit. Boxe Anglaise Boxe Enfants Gar\u00e7ons 5 \u00e0 9 ans Dimanche &amp; Jeudi 17H00 &#8211; 18H00 S&rsquo;inscrire Gar\u00e7ons 10 \u00e0 13 ans Groupe A Dimanche &amp; Jeudi 18H00 &#8211; 19H00 Groupe B Mardi &amp; Jeudi 18H00 &#8211; 19H00 S&rsquo;inscrire Gar\u00e7ons 14 \u00e0 17 ans Dimanche &amp; Mercredi 19H00 &#8211; 20H00 S&rsquo;inscrire Boxe Hommes +18 Dimanche &amp; Mercredi 20H00 &#8211; 21H00 S&rsquo;inscrire Sparring Vendredi 13H00 &#8211; 15H00 S&rsquo;inscrire<\/p>\n","protected":false},"author":1,"featured_media":0,"parent":0,"menu_order":0,"comment_status":"closed","ping_status":"closed","template":"","meta":{"inline_featured_image":false,"site-sidebar-layout":"no-sidebar","site-content-layout":"page-builder","ast-site-content-layout":"full-width-container","site-content-style":"unboxed","site-sidebar-style":"unboxed","ast-global-header-display":"","ast-banner-title-visibility":"","ast-main-header-display":"","ast-hfb-above-header-display":"","ast-hfb-below-header-display":"","ast-hfb-mobile-header-display":"","site-post-title":"disabled","ast-breadcrumbs-content":"","ast-featured-img":"disabled","footer-sml-layout":"","theme-transparent-header-meta":"","adv-header-id-meta":"","stick-header-meta":"","header-above-stick-meta":"","header-main-stick-meta":"","header-below-stick-meta":"","astra-migrate-meta-layouts":"set","ast-page-background-enabled":"default","ast-page-background-meta":{"desktop":{"background-color":"","background-image":"","background-repeat":"repeat","background-position":"center center","background-size":"auto","background-attachment":"scroll","background-type":"","background-media":"","overlay-type":"","overlay-color":"","overlay-opacity":"","overlay-gradient":""},"tablet":{"background-color":"","background-image":"","background-repeat":"repeat","background-position":"center center","background-size":"auto","background-attachment":"scroll","background-type":"","background-media":"","overlay-type":"","overlay-color":"","overlay-opacity":"","overlay-gradient":""},"mobile":{"background-color":"","background-image":"","background-repeat":"repeat","background-position":"center center","background-size":"auto","background-attachment":"scroll","background-type":"","background-media":"","overlay-type":"","overlay-color":"","overlay-opacity":"","overlay-gradient":""}},"ast-content-background-meta":{"desktop":{"background-color":"var(--ast-global-color-5)","background-image":"","background-repeat":"repeat","background-position":"center center","background-size":"auto","background-attachment":"scroll","background-type":"","background-media":"","overlay-type":"","overlay-color":"","overlay-opacity":"","overlay-gradient":""},"tablet":{"background-color":"var(--ast-global-color-5)","background-image":"","background-repeat":"repeat","background-position":"center center","background-size":"auto","background-attachment":"scroll","background-type":"","background-media":"","overlay-type":"","overlay-color":"","overlay-opacity":"","overlay-gradient":""},"mobile":{"background-color":"var(--ast-global-color-5)","background-image":"","background-repeat":"repeat","background-position":"center center","background-size":"auto","background-attachment":"scroll","background-type":"","background-media":"","overlay-type":"","overlay-color":"","overlay-opacity":"","overlay-gradient":""}},"footnotes":""},"class_list":["post-359","page","type-page","status-publish","hentry"],"aioseo_notices":[],"_links":{"self":[{"href":"https:\/\/profighters-academy.com\/index.php?rest_route=\/wp\/v2\/pages\/359","targetHints":{"allow":["GET"]}}],"collection":[{"href":"https:\/\/profighters-academy.com\/index.php?rest_route=\/wp\/v2\/pages"}],"about":[{"href":"https:\/\/profighters-academy.com\/index.php?rest_route=\/wp\/v2\/types\/page"}],"author":[{"embeddable":true,"href":"https:\/\/profighters-academy.com\/index.php?rest_route=\/wp\/v2\/users\/1"}],"replies":[{"embeddable":true,"href":"https:\/\/profighters-academy.com\/index.php?rest_route=%2Fwp%2Fv2%2Fcomments&post=359"}],"version-history":[{"count":250,"href":"https:\/\/profighters-academy.com\/index.php?rest_route=\/wp\/v2\/pages\/359\/revisions"}],"predecessor-version":[{"id":1360,"href":"https:\/\/profighters-academy.com\/index.php?rest_route=\/wp\/v2\/pages\/359\/revisions\/1360"}],"wp:attachment":[{"href":"https:\/\/profighters-academy.com\/index.php?rest_route=%2Fwp%2Fv2%2Fmedia&parent=359"}],"curies":[{"name":"wp","href":"https:\/\/api.w.org\/{rel}","templated":true}]}}